{"id":258907,"date":"2023-07-25T09:13:26","date_gmt":"2023-07-25T09:13:26","guid":{"rendered":"https:\/\/www.psicologiaoviedo.com\/?page_id=258907"},"modified":"2024-03-21T16:48:51","modified_gmt":"2024-03-21T16:48:51","slug":"tratamiento-proceso-duelo-oviedo","status":"publish","type":"page","link":"https:\/\/www.psicologiaoviedo.com\/?page_id=258907","title":{"rendered":"Proceso de duelo"},"content":{"rendered":"<p>[et_pb_section fb_built=&#8221;1&#8243; next_background_color=&#8221;#f6f6f6&#8243; _builder_version=&#8221;4.21.0&#8243; _module_preset=&#8221;default&#8221; background_color=&#8221;#FFFFFF&#8221; custom_padding=&#8221;40px||80px|||&#8221; top_divider_color=&#8221;#FFFFFF&#8221; top_divider_height=&#8221;50px&#8221; top_divider_flip=&#8221;horizontal&#8221; bottom_divider_style=&#8221;arrow&#8221; bottom_divider_height=&#8221;50px&#8221; global_colors_info=&#8221;{}&#8221;][et_pb_row use_custom_gutter=&#8221;on&#8221; _builder_version=&#8221;4.21.0&#8243; _module_preset=&#8221;default&#8221; width=&#8221;65%&#8221; global_colors_info=&#8221;{}&#8221;][et_pb_column type=&#8221;4_4&#8243; _builder_version=&#8221;4.21.0&#8243; _module_preset=&#8221;default&#8221; global_colors_info=&#8221;{}&#8221;][et_pb_divider color=&#8221;#d71448&#8243; divider_weight=&#8221;10px&#8221; _builder_version=&#8221;4.21.0&#8243; _module_preset=&#8221;default&#8221; width=&#8221;10%&#8221; module_alignment=&#8221;center&#8221; global_colors_info=&#8221;{}&#8221;][\/et_pb_divider][et_pb_text _builder_version=&#8221;4.21.0&#8243; _module_preset=&#8221;default&#8221; text_font=&#8221;Roboto Condensed|800|||||||&#8221; text_text_color=&#8221;#282828&#8243; text_font_size=&#8221;39px&#8221; text_line_height=&#8221;1.2em&#8221; header_font=&#8221;Inter|800|||||||&#8221; header_text_align=&#8221;center&#8221; header_font_size=&#8221;40px&#8221; width=&#8221;100%&#8221; module_alignment=&#8221;center&#8221; global_colors_info=&#8221;{}&#8221;]<\/p>\n<h1>Psic\u00f3loga especialista en proceso de duelo en Oviedo<\/h1>\n<p>[\/et_pb_text][et_pb_button button_url=&#8221;https:\/\/www.psicologiaoviedo.com\/contacto\/&#8221; button_text=&#8221;CONTACTAR&#8221; button_alignment=&#8221;center&#8221; _builder_version=&#8221;4.21.0&#8243; _module_preset=&#8221;default&#8221; custom_button=&#8221;on&#8221; button_text_size=&#8221;15px&#8221; button_text_color=&#8221;#FFFFFF&#8221; button_bg_color=&#8221;#a30f37&#8243; button_border_width=&#8221;0px&#8221; button_border_color=&#8221;#cf9450&#8243; button_border_radius=&#8221;0px&#8221; button_letter_spacing=&#8221;0px&#8221; button_font=&#8221;Roboto Condensed||||||||&#8221; button_use_icon=&#8221;off&#8221; custom_margin=&#8221;30px||||false|false&#8221; custom_padding=&#8221;10px|46px|8px|50px|false|false&#8221; box_shadow_style=&#8221;preset1&#8243; box_shadow_vertical=&#8221;31px&#8221; box_shadow_blur=&#8221;65px&#8221; box_shadow_spread=&#8221;10px&#8221; box_shadow_color=&#8221;rgba(0,0,0,0.2)&#8221; global_colors_info=&#8221;{}&#8221; button_text_color__hover_enabled=&#8221;on|hover&#8221; button_text_color__hover=&#8221;#FFFFFF&#8221; button_bg_color__hover_enabled=&#8221;on|hover&#8221; button_bg_color__hover=&#8221;#d71448&#8243; button_bg_enable_color__hover=&#8221;on&#8221; button_border_color__hover_enabled=&#8221;on|hover&#8221; button_border_color__hover=&#8221;#121722&#8243; button_letter_spacing__hover_enabled=&#8221;on|desktop&#8221; button_letter_spacing__hover=&#8221;3px&#8221;][\/et_pb_button][et_pb_text _builder_version=&#8221;4.21.0&#8243; _module_preset=&#8221;default&#8221; text_font=&#8221;Inter|300|||||||&#8221; text_text_color=&#8221;#282828&#8243; text_font_size=&#8221;16px&#8221; text_line_height=&#8221;1.8em&#8221; global_colors_info=&#8221;{}&#8221;]<\/p>\n<p>Bienvenidos a nuestra consulta en Oviedo, donde ofrecemos un acompa\u00f1amiento especializado como <strong>psic\u00f3loga especialista en proceso de duelo<\/strong>. Entendemos que el duelo es una experiencia profundamente personal y a menudo desafiante, y estamos aqu\u00ed para brindar apoyo y gu\u00eda profesional a quienes atraviesan por la p\u00e9rdida de un ser querido.<\/p>\n<p>Como <strong>psic\u00f3loga especializada en proceso de duelo en Oviedo<\/strong>, mi enfoque terap\u00e9utico se centra en proporcionar un espacio seguro y comprensivo donde los individuos puedan expresar sus emociones y trabajar a trav\u00e9s de su dolor. Utilizo una combinaci\u00f3n de t\u00e9cnicas terap\u00e9uticas, incluyendo la terapia cognitivo-conductual y la terapia centrada en la emoci\u00f3n, para ayudar a mis pacientes a entender y procesar su duelo.<\/p>\n<p>El tratamiento del <strong>proceso de duelo<\/strong> implica reconocer y validar los sentimientos de tristeza, ira, culpa o soledad que pueden surgir. Mi objetivo es ayudar a los pacientes a encontrar formas saludables de enfrentar la p\u00e9rdida, promoviendo la adaptaci\u00f3n y el crecimiento personal a lo largo del proceso. Entiendo que cada persona vive el duelo de manera \u00fanica, y por eso, adapto mi enfoque para satisfacer las necesidades individuales de cada paciente.<\/p>\n<p>Adem\u00e1s, como <strong>psic\u00f3loga especialista en Oviedo<\/strong>, me comprometo a apoyar a mis pacientes en cada etapa de su duelo, ofreciendo un enfoque emp\u00e1tico y sin juicios. Mi pr\u00e1ctica est\u00e1 dedicada a ayudar a las personas a navegar por el complejo camino del duelo, brind\u00e1ndoles las herramientas y el apoyo necesarios para seguir adelante con su vida.<\/p>\n<p>Si est\u00e1 buscando una <strong>psic\u00f3loga especialista en el proceso de duelo en Oviedo<\/strong>, no dude en contactar con nuestra consulta. Estoy aqu\u00ed para ofrecerle el apoyo y la orientaci\u00f3n que necesita durante este dif\u00edcil momento.<\/p>\n<p align=\"justify\">Otros servicios: <a href=\"https:\/\/www.psicologiaoviedo.com\/tratamiento-ansiedad-estres-oviedo\/\">ansiedad y estr\u00e9s<\/a>, <a href=\"https:\/\/www.psicologiaoviedo.com\/tratamiento-depresion-oviedo\/\">depresi\u00f3n<\/a>, <a href=\"https:\/\/www.psicologiaoviedo.com\/tratamiento-problemas-relacion-social-oviedo\/\">problemas de relaci\u00f3n social<\/a>, <a href=\"https:\/\/www.psicologiaoviedo.com\/tratamiento-trastorno-estres-post-traumatico-oviedo\/\">estr\u00e9s post traum\u00e1tico<\/a>, <a href=\"https:\/\/www.psicologiaoviedo.com\/tratamiento-trastornos-alimentarios-oviedo\/\">trastornos alimentarios<\/a>, <a href=\"https:\/\/www.psicologiaoviedo.com\/tratamiento-dolores-cronicos-oviedo\/\">dolores cr\u00f3nicos<\/a>, <a href=\"https:\/\/www.psicologiaoviedo.com\/psicologa-online-oviedo\/\">psicolog\u00eda online<\/a><\/p>\n<p>[\/et_pb_text][\/et_pb_column][\/et_pb_row][\/et_pb_section][et_pb_section fb_built=&#8221;1&#8243; next_background_color=&#8221;#ffffff&#8221; _builder_version=&#8221;4.21.0&#8243; _module_preset=&#8221;default&#8221; background_color=&#8221;#f6f6f6&#8243; custom_padding=&#8221;78px||80px|||&#8221; bottom_divider_style=&#8221;arrow&#8221; bottom_divider_height=&#8221;50px&#8221; global_colors_info=&#8221;{}&#8221;][et_pb_row column_structure=&#8221;2_5,3_5&#8243; _builder_version=&#8221;4.21.0&#8243; _module_preset=&#8221;default&#8221; global_colors_info=&#8221;{}&#8221;][et_pb_column type=&#8221;2_5&#8243; _builder_version=&#8221;4.21.0&#8243; _module_preset=&#8221;default&#8221; global_colors_info=&#8221;{}&#8221;][et_pb_image src=&#8221;https:\/\/www.psicologiaoviedo.com\/wp-content\/uploads\/2023\/06\/0-1.jpg&#8221; alt=&#8221;Psic\u00f3logo de problemas de relaci\u00f3n en Oviedo&#8221; title_text=&#8221;Psic\u00f3logo de problemas de relaci\u00f3n en Oviedo&#8221; _builder_version=&#8221;4.21.0&#8243; _module_preset=&#8221;default&#8221; global_colors_info=&#8221;{}&#8221;][\/et_pb_image][et_pb_image src=&#8221;https:\/\/www.psicologiaoviedo.com\/wp-content\/uploads\/2023\/06\/0-1.jpg&#8221; alt=&#8221;Psic\u00f3logo de problemas de relaci\u00f3n en Oviedo&#8221; title_text=&#8221;Psic\u00f3logo de problemas de relaci\u00f3n en Oviedo&#8221; _builder_version=&#8221;4.21.0&#8243; _module_preset=&#8221;default&#8221; global_colors_info=&#8221;{}&#8221;][\/et_pb_image][\/et_pb_column][et_pb_column type=&#8221;3_5&#8243; _builder_version=&#8221;4.21.0&#8243; _module_preset=&#8221;default&#8221; global_colors_info=&#8221;{}&#8221;][et_pb_text _builder_version=&#8221;4.21.0&#8243; _module_preset=&#8221;default&#8221; text_font=&#8221;Inter|800|||||||&#8221; text_text_color=&#8221;#282828&#8243; text_font_size=&#8221;36px&#8221; text_line_height=&#8221;1.2em&#8221; header_2_font=&#8221;Inter|800|||||||&#8221; header_2_font_size=&#8221;36px&#8221; header_2_line_height=&#8221;1.2em&#8221; locked=&#8221;off&#8221; global_colors_info=&#8221;{}&#8221;]<\/p>\n<h2 style=\"text-align: left;\">Psic\u00f3loga para terapia de procesos de duelo en Oviedo<\/h2>\n<p>[\/et_pb_text][et_pb_divider color=&#8221;#d71448&#8243; divider_weight=&#8221;10px&#8221; _builder_version=&#8221;4.21.0&#8243; _module_preset=&#8221;default&#8221; width=&#8221;10%&#8221; module_alignment=&#8221;left&#8221; locked=&#8221;off&#8221; global_colors_info=&#8221;{}&#8221;][\/et_pb_divider][et_pb_text _builder_version=&#8221;4.21.0&#8243; _module_preset=&#8221;default&#8221; text_font=&#8221;Inter|300|||||||&#8221; text_text_color=&#8221;#282828&#8243; text_font_size=&#8221;16px&#8221; text_line_height=&#8221;1.8em&#8221; locked=&#8221;off&#8221; global_colors_info=&#8221;{}&#8221;]<\/p>\n<p>En nuestra cl\u00ednica en Oviedo, contamos con una <strong>psic\u00f3loga especialista en el proceso de duelo<\/strong>, dedicada a brindar apoyo y asistencia a quienes enfrentan la dif\u00edcil tarea de superar la p\u00e9rdida de un ser querido. El duelo es un proceso complejo y profundamente personal, y nuestro enfoque es proporcionar un acompa\u00f1amiento emp\u00e1tico y profesional para ayudar a nuestros pacientes a transitar este camino.<\/p>\n<p>Como <strong>psic\u00f3loga especializada en proceso de duelo en Oviedo<\/strong>, mi pr\u00e1ctica se centra en ofrecer un espacio seguro y acogedor donde los individuos puedan expresar libremente sus emociones y trabajar hacia la sanaci\u00f3n. Utilizo t\u00e9cnicas de terapia basadas en la evidencia, como la terapia de aceptaci\u00f3n y compromiso y el apoyo psicoeducativo, para ayudar a los pacientes a comprender y manejar sus sentimientos de duelo.<\/p>\n<p>El tratamiento de <strong>problemas de duelo<\/strong> implica abordar las emociones dolorosas, los recuerdos y los cambios en la vida que surgen tras una p\u00e9rdida. Mi objetivo es ayudar a los pacientes a encontrar formas constructivas de enfrentar su dolor, fomentando la resiliencia y la capacidad de adaptaci\u00f3n. Reconozco que cada persona experimenta el duelo de manera \u00fanica, y por ello, personalizo mi enfoque para satisfacer las necesidades espec\u00edficas de cada paciente.<\/p>\n<p>Adem\u00e1s, como <strong>psic\u00f3loga especialista en Oviedo<\/strong>, estoy comprometida con el cuidado continuo y el apoyo a mis pacientes durante todo el proceso de duelo. Mi enfoque se basa en la comprensi\u00f3n, la paciencia y el respeto por el ritmo individual de cada persona en su camino hacia la recuperaci\u00f3n.<\/p>\n<p>Si est\u00e1 buscando una <strong>psic\u00f3loga especialista en el proceso de duelo en Oviedo<\/strong>, nuestra cl\u00ednica est\u00e1 aqu\u00ed para ayudarle. Ofrecemos un enfoque comprensivo y adaptado a sus necesidades individuales para ayudarle a superar este momento dif\u00edcil.<\/p>\n<p>[\/et_pb_text][\/et_pb_column][\/et_pb_row][\/et_pb_section][et_pb_section fb_built=&#8221;1&#8243; _builder_version=&#8221;4.21.0&#8243; _module_preset=&#8221;default&#8221; background_enable_image=&#8221;off&#8221; background_size=&#8221;initial&#8221; background_repeat=&#8221;repeat&#8221; custom_padding=&#8221;70px||80px|||&#8221; bottom_divider_height=&#8221;50px&#8221; locked=&#8221;off&#8221; global_colors_info=&#8221;{}&#8221;][et_pb_row column_structure=&#8221;1_4,3_4&#8243; use_custom_gutter=&#8221;on&#8221; make_equal=&#8221;on&#8221; _builder_version=&#8221;4.21.0&#8243; _module_preset=&#8221;default&#8221; width=&#8221;65%&#8221; global_colors_info=&#8221;{}&#8221;][et_pb_column type=&#8221;1_4&#8243; _builder_version=&#8221;4.21.0&#8243; _module_preset=&#8221;default&#8221; global_colors_info=&#8221;{}&#8221;][et_pb_image src=&#8221;https:\/\/www.psicologiaoviedo.com\/wp-content\/uploads\/2023\/07\/Proyecto-nuevo-2023-07-12T180621.779.png&#8221; title_text=&#8221;Proyecto nuevo &#8211; 2023-07-12T180621.779&#8243; align=&#8221;center&#8221; _builder_version=&#8221;4.21.0&#8243; _module_preset=&#8221;default&#8221; width=&#8221;35%&#8221; custom_margin=&#8221;5px||||false|false&#8221; global_colors_info=&#8221;{}&#8221;][\/et_pb_image][\/et_pb_column][et_pb_column type=&#8221;3_4&#8243; _builder_version=&#8221;4.21.0&#8243; _module_preset=&#8221;default&#8221; global_colors_info=&#8221;{}&#8221;][et_pb_text _builder_version=&#8221;4.21.0&#8243; _module_preset=&#8221;default&#8221; text_font=&#8221;Inter|800|||||||&#8221; text_text_color=&#8221;#282828&#8243; text_font_size=&#8221;42px&#8221; text_line_height=&#8221;1.2em&#8221; custom_margin=&#8221;||50px||false|false&#8221; global_colors_info=&#8221;{}&#8221;]<\/p>\n<p style=\"text-align: left;\">Preguntas <strong class=\"acento\">frecuentes<\/strong><\/p>\n<p>[\/et_pb_text][et_pb_accordion icon_color=&#8221;#a30f37&#8243; use_icon_font_size=&#8221;on&#8221; icon_font_size=&#8221;22px&#8221; _builder_version=&#8221;4.21.0&#8243; _module_preset=&#8221;default&#8221; custom_margin=&#8221;0px||||false|false&#8221; global_colors_info=&#8221;{}&#8221;][et_pb_accordion_item title=&#8221;\u00bfCu\u00e1nto tiempo dura el proceso de duelo?&#8221; open=&#8221;on&#8221; _builder_version=&#8221;4.21.0&#8243; _module_preset=&#8221;default&#8221; body_font=&#8221;Inter|300|||||||&#8221; body_text_color=&#8221;#000000&#8243; body_font_size=&#8221;16px&#8221; body_line_height=&#8221;1.8em&#8221; global_colors_info=&#8221;{}&#8221; toggle_level=&#8221;h3&#8243; toggle_font=&#8221;Inter|700|||||||&#8221;]<\/p>\n<p>No existe una duraci\u00f3n espec\u00edfica para un proceso de duelo, ya que este depende de m\u00faltiples factores, como la relaci\u00f3n con la persona fallecida, la forma en que se produjo la p\u00e9rdida, la personalidad de la persona en duelo, entre otros. Sin embargo, si el proceso de duelo se prolonga en el tiempo y afecta significativamente la vida de la persona, es recomendable acudir a un psic\u00f3logo especializado en duelo para recibir ayuda y orientaci\u00f3n en este proceso.<\/p>\n<p>[\/et_pb_accordion_item][et_pb_accordion_item title=&#8221;\u00bfEs normal sentirse triste durante mucho tiempo despu\u00e9s de una p\u00e9rdida?&#8221; _builder_version=&#8221;4.21.0&#8243; _module_preset=&#8221;default&#8221; body_font=&#8221;Inter|300|||||||&#8221; body_text_color=&#8221;#000000&#8243; body_font_size=&#8221;16px&#8221; body_line_height=&#8221;1.8em&#8221; global_colors_info=&#8221;{}&#8221; toggle_level=&#8221;h3&#8243; toggle_font=&#8221;Inter|700|||||||&#8221; open=&#8221;off&#8221;]<\/p>\n<p>Es normal sentirse triste durante un tiempo despu\u00e9s de una p\u00e9rdida significativa. Sin embargo, si los sentimientos de tristeza y dolor persisten durante m\u00e1s de unos meses, es posible que sea necesario buscar ayuda profesional para superarlo.<\/p>\n<p>[\/et_pb_accordion_item][\/et_pb_accordion][\/et_pb_column][\/et_pb_row][\/et_pb_section]<\/p>\n","protected":false},"excerpt":{"rendered":"<p>Psic\u00f3loga especialista en proceso de duelo en OviedoBienvenidos a nuestra consulta en Oviedo, donde ofrecemos un acompa\u00f1amiento especializado como psic\u00f3loga especialista en proceso de duelo. Entendemos que el duelo es una experiencia profundamente personal y a menudo desafiante, y estamos aqu\u00ed para brindar apoyo y gu\u00eda profesional a quienes atraviesan por la p\u00e9rdida de un [&hellip;]<\/p>\n","protected":false},"author":11,"featured_media":0,"parent":0,"menu_order":0,"comment_status":"closed","ping_status":"closed","template":"","meta":{"_et_pb_use_builder":"on","_et_pb_old_content":"","_et_gb_content_width":"","footnotes":""},"class_list":["post-258907","page","type-page","status-publish","hentry"],"_links":{"self":[{"href":"https:\/\/www.psicologiaoviedo.com\/index.php?rest_route=\/wp\/v2\/pages\/258907","targetHints":{"allow":["GET"]}}],"collection":[{"href":"https:\/\/www.psicologiaoviedo.com\/index.php?rest_route=\/wp\/v2\/pages"}],"about":[{"href":"https:\/\/www.psicologiaoviedo.com\/index.php?rest_route=\/wp\/v2\/types\/page"}],"author":[{"embeddable":true,"href":"https:\/\/www.psicologiaoviedo.com\/index.php?rest_route=\/wp\/v2\/users\/11"}],"replies":[{"embeddable":true,"href":"https:\/\/www.psicologiaoviedo.com\/index.php?rest_route=%2Fwp%2Fv2%2Fcomments&post=258907"}],"version-history":[{"count":6,"href":"https:\/\/www.psicologiaoviedo.com\/index.php?rest_route=\/wp\/v2\/pages\/258907\/revisions"}],"predecessor-version":[{"id":259122,"href":"https:\/\/www.psicologiaoviedo.com\/index.php?rest_route=\/wp\/v2\/pages\/258907\/revisions\/259122"}],"wp:attachment":[{"href":"https:\/\/www.psicologiaoviedo.com\/index.php?rest_route=%2Fwp%2Fv2%2Fmedia&parent=258907"}],"curies":[{"name":"wp","href":"https:\/\/api.w.org\/{rel}","templated":true}]}}