{"id":258901,"date":"2023-07-25T08:38:59","date_gmt":"2023-07-25T08:38:59","guid":{"rendered":"https:\/\/www.psicologiaoviedo.com\/?page_id=258901"},"modified":"2024-03-21T16:49:39","modified_gmt":"2024-03-21T16:49:39","slug":"tratamiento-trastornos-alimentarios-oviedo","status":"publish","type":"page","link":"https:\/\/www.psicologiaoviedo.com\/?page_id=258901","title":{"rendered":"Trastornos alimentarios"},"content":{"rendered":"<p>[et_pb_section fb_built=&#8221;1&#8243; next_background_color=&#8221;#f6f6f6&#8243; _builder_version=&#8221;4.21.0&#8243; _module_preset=&#8221;default&#8221; background_color=&#8221;#FFFFFF&#8221; custom_padding=&#8221;40px||80px|||&#8221; top_divider_color=&#8221;#FFFFFF&#8221; top_divider_height=&#8221;50px&#8221; top_divider_flip=&#8221;horizontal&#8221; bottom_divider_style=&#8221;arrow&#8221; bottom_divider_height=&#8221;50px&#8221; global_colors_info=&#8221;{}&#8221;][et_pb_row use_custom_gutter=&#8221;on&#8221; _builder_version=&#8221;4.21.0&#8243; _module_preset=&#8221;default&#8221; width=&#8221;65%&#8221; global_colors_info=&#8221;{}&#8221;][et_pb_column type=&#8221;4_4&#8243; _builder_version=&#8221;4.21.0&#8243; _module_preset=&#8221;default&#8221; global_colors_info=&#8221;{}&#8221;][et_pb_divider color=&#8221;#d71448&#8243; divider_weight=&#8221;10px&#8221; _builder_version=&#8221;4.21.0&#8243; _module_preset=&#8221;default&#8221; width=&#8221;10%&#8221; module_alignment=&#8221;center&#8221; global_colors_info=&#8221;{}&#8221;][\/et_pb_divider][et_pb_text _builder_version=&#8221;4.21.0&#8243; _module_preset=&#8221;default&#8221; text_font=&#8221;Roboto Condensed|800|||||||&#8221; text_text_color=&#8221;#282828&#8243; text_font_size=&#8221;39px&#8221; text_line_height=&#8221;1.2em&#8221; header_font=&#8221;Inter|800|||||||&#8221; header_text_align=&#8221;center&#8221; header_font_size=&#8221;40px&#8221; width=&#8221;100%&#8221; module_alignment=&#8221;center&#8221; global_colors_info=&#8221;{}&#8221;]<\/p>\n<h1>Psic\u00f3loga especialista en el tratamiento de trastornos alimentarios diversos en Oviedo<\/h1>\n<p>[\/et_pb_text][et_pb_button button_url=&#8221;https:\/\/www.psicologiaoviedo.com\/contacto\/&#8221; button_text=&#8221;CONTACTAR&#8221; button_alignment=&#8221;center&#8221; _builder_version=&#8221;4.21.0&#8243; _module_preset=&#8221;default&#8221; custom_button=&#8221;on&#8221; button_text_size=&#8221;15px&#8221; button_text_color=&#8221;#FFFFFF&#8221; button_bg_color=&#8221;#a30f37&#8243; button_border_width=&#8221;0px&#8221; button_border_color=&#8221;#cf9450&#8243; button_border_radius=&#8221;0px&#8221; button_letter_spacing=&#8221;0px&#8221; button_font=&#8221;Roboto Condensed||||||||&#8221; button_use_icon=&#8221;off&#8221; custom_margin=&#8221;30px||||false|false&#8221; custom_padding=&#8221;10px|46px|8px|50px|false|false&#8221; box_shadow_style=&#8221;preset1&#8243; box_shadow_vertical=&#8221;31px&#8221; box_shadow_blur=&#8221;65px&#8221; box_shadow_spread=&#8221;10px&#8221; box_shadow_color=&#8221;rgba(0,0,0,0.2)&#8221; global_colors_info=&#8221;{}&#8221; button_text_color__hover_enabled=&#8221;on|hover&#8221; button_text_color__hover=&#8221;#FFFFFF&#8221; button_bg_color__hover_enabled=&#8221;on|hover&#8221; button_bg_color__hover=&#8221;#d71448&#8243; button_bg_enable_color__hover=&#8221;on&#8221; button_border_color__hover_enabled=&#8221;on|hover&#8221; button_border_color__hover=&#8221;#121722&#8243; button_letter_spacing__hover_enabled=&#8221;on|desktop&#8221; button_letter_spacing__hover=&#8221;3px&#8221;][\/et_pb_button][et_pb_text _builder_version=&#8221;4.21.0&#8243; _module_preset=&#8221;default&#8221; text_font=&#8221;Inter|300|||||||&#8221; text_text_color=&#8221;#282828&#8243; text_font_size=&#8221;16px&#8221; text_line_height=&#8221;1.8em&#8221; global_colors_info=&#8221;{}&#8221;]<\/p>\n<p>Bienvenidos a nuestra consulta de psicolog\u00eda en Oviedo, donde ofrecemos servicios especializados como <strong>psic\u00f3loga especialista en el tratamiento de trastornos alimentarios diversos<\/strong>. Entendemos que los trastornos alimentarios, como la anorexia, la bulimia y el trastorno por atrac\u00f3n, son condiciones complejas que requieren un enfoque terap\u00e9utico cuidadoso y personalizado.<\/p>\n<p>Como <strong>psic\u00f3loga especializada en trastornos alimentarios en Oviedo<\/strong>, mi enfoque se centra en comprender las causas subyacentes de estos trastornos y trabajar con los pacientes para desarrollar estrategias efectivas de manejo y recuperaci\u00f3n. Utilizo una combinaci\u00f3n de terapias, incluyendo la terapia cognitivo-conductual, la terapia de aceptaci\u00f3n y compromiso y la terapia interpersonal, para abordar tanto los aspectos psicol\u00f3gicos como los comportamentales de los trastornos alimentarios.<\/p>\n<p>El tratamiento de <strong>trastornos alimentarios diversos<\/strong> implica un enfoque hol\u00edstico que considera la salud mental, emocional y f\u00edsica del paciente. Trabajo en estrecha colaboraci\u00f3n con otros profesionales de la salud, como nutricionistas y m\u00e9dicos, para proporcionar un tratamiento integral. Mi objetivo es ayudar a mis pacientes a desarrollar una relaci\u00f3n saludable con la comida y su cuerpo, mejorando su autoestima y calidad de vida.<\/p>\n<p>Adem\u00e1s, como <strong>psic\u00f3loga especialista<\/strong>, me dedico a crear un entorno de apoyo y confianza donde los pacientes puedan sentirse seguros para explorar sus emociones y desaf\u00edos. Entiendo que cada persona es \u00fanica y, por lo tanto, personalizo mi enfoque para satisfacer las necesidades individuales de cada paciente.<\/p>\n<p>Si est\u00e1 buscando una <strong>psic\u00f3loga especialista en el tratamiento de trastornos alimentarios diversos en Oviedo<\/strong>, nuestra consulta est\u00e1 aqu\u00ed para ofrecerle el apoyo y la orientaci\u00f3n que necesita. Cont\u00e1ctenos para comenzar su camino hacia la recuperaci\u00f3n y el bienestar.<\/p>\n<p>Otros servicios: <a href=\"https:\/\/www.psicologiaoviedo.com\/tratamiento-ansiedad-estres-oviedo\/\">ansiedad y estr\u00e9s<\/a>, <a href=\"https:\/\/www.psicologiaoviedo.com\/tratamiento-depresion-oviedo\/\">depresi\u00f3n<\/a>, <a href=\"https:\/\/www.psicologiaoviedo.com\/tratamiento-problemas-relacion-social-oviedo\/\">problemas de relaci\u00f3n social<\/a>, <a href=\"https:\/\/www.psicologiaoviedo.com\/tratamiento-proceso-duelo-oviedo\/\">procesos de duelo<\/a>, <a href=\"https:\/\/www.psicologiaoviedo.com\/tratamiento-trastorno-estres-post-traumatico-oviedo\/\">estr\u00e9s post traum\u00e1tico<\/a>,\u00a0<a href=\"https:\/\/www.psicologiaoviedo.com\/tratamiento-dolores-cronicos-oviedo\/\">dolores cr\u00f3nicos<\/a>, <a href=\"https:\/\/www.psicologiaoviedo.com\/psicologa-online-oviedo\/\">psicolog\u00eda online<\/a><\/p>\n<p>[\/et_pb_text][et_pb_text _builder_version=&#8221;4.21.0&#8243; _module_preset=&#8221;default&#8221; text_font=&#8221;Inter|300|||||||&#8221; text_text_color=&#8221;#282828&#8243; text_font_size=&#8221;16px&#8221; text_line_height=&#8221;1.8em&#8221; global_colors_info=&#8221;{}&#8221;][\/et_pb_text][\/et_pb_column][\/et_pb_row][\/et_pb_section][et_pb_section fb_built=&#8221;1&#8243; next_background_color=&#8221;#ffffff&#8221; _builder_version=&#8221;4.21.0&#8243; _module_preset=&#8221;default&#8221; background_color=&#8221;#f6f6f6&#8243; custom_padding=&#8221;78px||80px|||&#8221; bottom_divider_style=&#8221;arrow&#8221; bottom_divider_height=&#8221;50px&#8221; global_colors_info=&#8221;{}&#8221;][et_pb_row column_structure=&#8221;2_5,3_5&#8243; _builder_version=&#8221;4.21.0&#8243; _module_preset=&#8221;default&#8221; global_colors_info=&#8221;{}&#8221;][et_pb_column type=&#8221;2_5&#8243; _builder_version=&#8221;4.21.0&#8243; _module_preset=&#8221;default&#8221; global_colors_info=&#8221;{}&#8221;][et_pb_image src=&#8221;https:\/\/www.psicologiaoviedo.com\/wp-content\/uploads\/2023\/06\/0-1.jpg&#8221; alt=&#8221;Psic\u00f3logo de problemas de relaci\u00f3n en Oviedo&#8221; title_text=&#8221;Psic\u00f3logo de problemas de relaci\u00f3n en Oviedo&#8221; _builder_version=&#8221;4.21.0&#8243; _module_preset=&#8221;default&#8221; global_colors_info=&#8221;{}&#8221;][\/et_pb_image][et_pb_image src=&#8221;https:\/\/www.psicologiaoviedo.com\/wp-content\/uploads\/2023\/06\/0-1.jpg&#8221; alt=&#8221;Psic\u00f3logo de problemas de relaci\u00f3n en Oviedo&#8221; title_text=&#8221;Psic\u00f3logo de problemas de relaci\u00f3n en Oviedo&#8221; _builder_version=&#8221;4.21.0&#8243; _module_preset=&#8221;default&#8221; global_colors_info=&#8221;{}&#8221;][\/et_pb_image][\/et_pb_column][et_pb_column type=&#8221;3_5&#8243; _builder_version=&#8221;4.21.0&#8243; _module_preset=&#8221;default&#8221; global_colors_info=&#8221;{}&#8221;][et_pb_text _builder_version=&#8221;4.21.0&#8243; _module_preset=&#8221;default&#8221; text_font=&#8221;Inter|800|||||||&#8221; text_text_color=&#8221;#282828&#8243; text_font_size=&#8221;36px&#8221; text_line_height=&#8221;1.2em&#8221; header_2_font=&#8221;Inter|800|||||||&#8221; header_2_font_size=&#8221;36px&#8221; header_2_line_height=&#8221;1.2em&#8221; locked=&#8221;off&#8221; global_colors_info=&#8221;{}&#8221;]<\/p>\n<h2 style=\"text-align: left;\">Psic\u00f3loga especialista de trastornos alimentarios en Oviedo<\/h2>\n<p>[\/et_pb_text][et_pb_divider color=&#8221;#d71448&#8243; divider_weight=&#8221;10px&#8221; _builder_version=&#8221;4.21.0&#8243; _module_preset=&#8221;default&#8221; width=&#8221;10%&#8221; module_alignment=&#8221;left&#8221; locked=&#8221;off&#8221; global_colors_info=&#8221;{}&#8221;][\/et_pb_divider][et_pb_text _builder_version=&#8221;4.21.0&#8243; _module_preset=&#8221;default&#8221; text_font=&#8221;Inter|300|||||||&#8221; text_text_color=&#8221;#282828&#8243; text_font_size=&#8221;16px&#8221; text_line_height=&#8221;1.8em&#8221; locked=&#8221;off&#8221; global_colors_info=&#8221;{}&#8221;]<\/p>\n<p>En nuestra cl\u00ednica en Oviedo, ofrecemos servicios especializados como <strong>psic\u00f3loga especialista en el tratamiento de trastornos alimentarios diversos<\/strong>. Reconocemos que los trastornos alimentarios son condiciones complejas que afectan no solo la salud f\u00edsica, sino tambi\u00e9n el bienestar emocional y psicol\u00f3gico de las personas. Nuestro enfoque es brindar un tratamiento comprensivo y personalizado para ayudar a nuestros pacientes a superar estos desaf\u00edos.<\/p>\n<p>Como <strong>psic\u00f3loga especializada en trastornos alimentarios en Oviedo<\/strong>, mi pr\u00e1ctica se centra en abordar las diversas facetas de estos trastornos, incluyendo la anorexia, bulimia y trastorno por atrac\u00f3n, entre otros. Utilizo un enfoque integrador que combina diferentes t\u00e9cnicas terap\u00e9uticas, como la terapia cognitivo-conductual, terapias basadas en la atenci\u00f3n plena (mindfulness) y enfoques psicoeducativos, para tratar tanto los s\u00edntomas como las causas subyacentes de los trastornos alimentarios.<\/p>\n<p>El tratamiento de <strong>trastornos alimentarios diversos<\/strong> requiere un enfoque hol\u00edstico y personalizado. Mi objetivo es ayudar a los pacientes a entender y cambiar sus patrones de pensamiento y comportamiento relacionados con la alimentaci\u00f3n, y trabajar hacia el desarrollo de una relaci\u00f3n saludable con la comida y su cuerpo. Adem\u00e1s, ofrezco apoyo para abordar problemas relacionados como baja autoestima, ansiedad y depresi\u00f3n, que a menudo est\u00e1n asociados con trastornos alimentarios.<\/p>\n<p>Adem\u00e1s, como <strong>psic\u00f3loga especialista en Oviedo<\/strong>, estoy comprometida con el cuidado continuo y el apoyo a mis pacientes durante todo el proceso de tratamiento. Mi enfoque se basa en la comprensi\u00f3n, la paciencia y el respeto por el ritmo individual de cada persona en su camino hacia la recuperaci\u00f3n.<\/p>\n<p>Si est\u00e1 buscando una <strong>psic\u00f3loga especialista en el tratamiento de trastornos alimentarios diversos en Oviedo<\/strong>, nuestra cl\u00ednica est\u00e1 aqu\u00ed para ayudarle. Ofrecemos un enfoque comprensivo y adaptado a sus necesidades individuales para ayudarle a superar estos desaf\u00edos y mejorar su calidad de vida.<\/p>\n<p>[\/et_pb_text][\/et_pb_column][\/et_pb_row][\/et_pb_section][et_pb_section fb_built=&#8221;1&#8243; _builder_version=&#8221;4.21.0&#8243; _module_preset=&#8221;default&#8221; background_enable_image=&#8221;off&#8221; background_size=&#8221;initial&#8221; background_repeat=&#8221;repeat&#8221; custom_padding=&#8221;70px||80px|||&#8221; bottom_divider_height=&#8221;50px&#8221; locked=&#8221;off&#8221; global_colors_info=&#8221;{}&#8221;][et_pb_row column_structure=&#8221;1_4,3_4&#8243; use_custom_gutter=&#8221;on&#8221; make_equal=&#8221;on&#8221; _builder_version=&#8221;4.21.0&#8243; _module_preset=&#8221;default&#8221; width=&#8221;65%&#8221; global_colors_info=&#8221;{}&#8221;][et_pb_column type=&#8221;1_4&#8243; _builder_version=&#8221;4.21.0&#8243; _module_preset=&#8221;default&#8221; global_colors_info=&#8221;{}&#8221;][et_pb_image src=&#8221;https:\/\/www.psicologiaoviedo.com\/wp-content\/uploads\/2023\/07\/Proyecto-nuevo-2023-07-12T180621.779.png&#8221; title_text=&#8221;Proyecto nuevo &#8211; 2023-07-12T180621.779&#8243; align=&#8221;center&#8221; _builder_version=&#8221;4.21.0&#8243; _module_preset=&#8221;default&#8221; width=&#8221;35%&#8221; custom_margin=&#8221;5px||||false|false&#8221; global_colors_info=&#8221;{}&#8221;][\/et_pb_image][\/et_pb_column][et_pb_column type=&#8221;3_4&#8243; _builder_version=&#8221;4.21.0&#8243; _module_preset=&#8221;default&#8221; global_colors_info=&#8221;{}&#8221;][et_pb_text _builder_version=&#8221;4.21.0&#8243; _module_preset=&#8221;default&#8221; text_font=&#8221;Inter|800|||||||&#8221; text_text_color=&#8221;#282828&#8243; text_font_size=&#8221;42px&#8221; text_line_height=&#8221;1.2em&#8221; custom_margin=&#8221;||50px||false|false&#8221; global_colors_info=&#8221;{}&#8221;]<\/p>\n<p style=\"text-align: left;\">Preguntas <strong class=\"acento\">frecuentes<\/strong><\/p>\n<p>[\/et_pb_text][et_pb_accordion icon_color=&#8221;#a30f37&#8243; use_icon_font_size=&#8221;on&#8221; icon_font_size=&#8221;22px&#8221; _builder_version=&#8221;4.21.0&#8243; _module_preset=&#8221;default&#8221; custom_margin=&#8221;0px||||false|false&#8221; global_colors_info=&#8221;{}&#8221;][et_pb_accordion_item title=&#8221;\u00bfC\u00f3mo saber si una persona tiene trastorno de conducta alimentaria o TCA?&#8221; open=&#8221;on&#8221; _builder_version=&#8221;4.21.0&#8243; _module_preset=&#8221;default&#8221; body_font=&#8221;Inter|300|||||||&#8221; body_text_color=&#8221;#000000&#8243; body_font_size=&#8221;16px&#8221; body_line_height=&#8221;1.8em&#8221; global_colors_info=&#8221;{}&#8221; toggle_level=&#8221;h3&#8243; toggle_font=&#8221;Inter|700|||||||&#8221;]<\/p>\n<p>Identificar si una persona padece de un trastorno de conducta alimentaria puede ser complicado, ya que estos trastornos suelen ser multifac\u00e9ticos y pueden manifestarse de diversas maneras. Algunos signos comunes a tener en cuenta incluyen:<br \/>\u2022 Cambios dr\u00e1sticos en el peso corporal.<br \/>\u2022 Preocupaci\u00f3n extrema por la comida, el peso y la imagen corporal.<br \/>\u2022 Comer en secreto o evitar comer en p\u00fablico.<br \/>\u2022 Atracones seguidos de comportamientos compensatorios, como v\u00f3mitos autoinducidos, uso excesivo de laxantes o ejercicio excesivo.<br \/>\u2022 Restricci\u00f3n severa en la ingesta de alimentos o seguir dietas extremas.<br \/>\u2022 Aislamiento social y p\u00e9rdida de inter\u00e9s en actividades que antes disfrutaba.<br \/>Si sospecha que alguien cercano a usted puede estar sufriendo de un trastorno de la conducta alimentaria, es importante ofrecer apoyo y alentar a la persona a buscar ayuda profesional. En esta consulta se ofrece el tratamiento y apoyo necesario para superar estos desaf\u00edos y promover una relaci\u00f3n saludable con la comida y el cuerpo.<\/p>\n<p>[\/et_pb_accordion_item][\/et_pb_accordion][\/et_pb_column][\/et_pb_row][\/et_pb_section]<\/p>\n","protected":false},"excerpt":{"rendered":"<p>Psic\u00f3loga especialista en el tratamiento de trastornos alimentarios diversos en OviedoBienvenidos a nuestra consulta de psicolog\u00eda en Oviedo, donde ofrecemos servicios especializados como psic\u00f3loga especialista en el tratamiento de trastornos alimentarios diversos. Entendemos que los trastornos alimentarios, como la anorexia, la bulimia y el trastorno por atrac\u00f3n, son condiciones complejas que requieren un enfoque terap\u00e9utico [&hellip;]<\/p>\n","protected":false},"author":11,"featured_media":0,"parent":0,"menu_order":0,"comment_status":"closed","ping_status":"closed","template":"","meta":{"_et_pb_use_builder":"on","_et_pb_old_content":"","_et_gb_content_width":"","footnotes":""},"class_list":["post-258901","page","type-page","status-publish","hentry"],"_links":{"self":[{"href":"https:\/\/www.psicologiaoviedo.com\/index.php?rest_route=\/wp\/v2\/pages\/258901","targetHints":{"allow":["GET"]}}],"collection":[{"href":"https:\/\/www.psicologiaoviedo.com\/index.php?rest_route=\/wp\/v2\/pages"}],"about":[{"href":"https:\/\/www.psicologiaoviedo.com\/index.php?rest_route=\/wp\/v2\/types\/page"}],"author":[{"embeddable":true,"href":"https:\/\/www.psicologiaoviedo.com\/index.php?rest_route=\/wp\/v2\/users\/11"}],"replies":[{"embeddable":true,"href":"https:\/\/www.psicologiaoviedo.com\/index.php?rest_route=%2Fwp%2Fv2%2Fcomments&post=258901"}],"version-history":[{"count":7,"href":"https:\/\/www.psicologiaoviedo.com\/index.php?rest_route=\/wp\/v2\/pages\/258901\/revisions"}],"predecessor-version":[{"id":259127,"href":"https:\/\/www.psicologiaoviedo.com\/index.php?rest_route=\/wp\/v2\/pages\/258901\/revisions\/259127"}],"wp:attachment":[{"href":"https:\/\/www.psicologiaoviedo.com\/index.php?rest_route=%2Fwp%2Fv2%2Fmedia&parent=258901"}],"curies":[{"name":"wp","href":"https:\/\/api.w.org\/{rel}","templated":true}]}}