{"id":258894,"date":"2023-07-25T08:24:19","date_gmt":"2023-07-25T08:24:19","guid":{"rendered":"https:\/\/www.psicologiaoviedo.com\/?page_id=258894"},"modified":"2024-03-21T16:47:51","modified_gmt":"2024-03-21T16:47:51","slug":"tratamiento-problemas-relacion-social-oviedo","status":"publish","type":"page","link":"https:\/\/www.psicologiaoviedo.com\/?page_id=258894","title":{"rendered":"Problemas de relaci\u00f3n social"},"content":{"rendered":"<p>[et_pb_section fb_built=&#8221;1&#8243; next_background_color=&#8221;#f6f6f6&#8243; _builder_version=&#8221;4.21.0&#8243; _module_preset=&#8221;default&#8221; background_color=&#8221;#FFFFFF&#8221; custom_padding=&#8221;40px||80px|||&#8221; top_divider_color=&#8221;#FFFFFF&#8221; top_divider_height=&#8221;50px&#8221; top_divider_flip=&#8221;horizontal&#8221; bottom_divider_style=&#8221;arrow&#8221; bottom_divider_height=&#8221;50px&#8221; global_colors_info=&#8221;{}&#8221;][et_pb_row use_custom_gutter=&#8221;on&#8221; _builder_version=&#8221;4.21.0&#8243; _module_preset=&#8221;default&#8221; width=&#8221;65%&#8221; global_colors_info=&#8221;{}&#8221;][et_pb_column type=&#8221;4_4&#8243; _builder_version=&#8221;4.21.0&#8243; _module_preset=&#8221;default&#8221; global_colors_info=&#8221;{}&#8221;][et_pb_divider color=&#8221;#d71448&#8243; divider_weight=&#8221;10px&#8221; _builder_version=&#8221;4.21.0&#8243; _module_preset=&#8221;default&#8221; width=&#8221;10%&#8221; module_alignment=&#8221;center&#8221; global_colors_info=&#8221;{}&#8221;][\/et_pb_divider][et_pb_text _builder_version=&#8221;4.21.0&#8243; _module_preset=&#8221;default&#8221; text_font=&#8221;Roboto Condensed|800|||||||&#8221; text_text_color=&#8221;#282828&#8243; text_font_size=&#8221;39px&#8221; text_line_height=&#8221;1.2em&#8221; header_font=&#8221;Inter|800|||||||&#8221; header_text_align=&#8221;center&#8221; header_font_size=&#8221;40px&#8221; width=&#8221;100%&#8221; module_alignment=&#8221;center&#8221; global_colors_info=&#8221;{}&#8221;]<\/p>\n<h1>Psic\u00f3loga especialista en el tratamiento de problemas de relaci\u00f3n social en Oviedo<\/h1>\n<p>[\/et_pb_text][et_pb_button button_url=&#8221;https:\/\/www.psicologiaoviedo.com\/contacto\/&#8221; button_text=&#8221;CONTACTAR&#8221; button_alignment=&#8221;center&#8221; _builder_version=&#8221;4.21.0&#8243; _module_preset=&#8221;default&#8221; custom_button=&#8221;on&#8221; button_text_size=&#8221;15px&#8221; button_text_color=&#8221;#FFFFFF&#8221; button_bg_color=&#8221;#a30f37&#8243; button_border_width=&#8221;0px&#8221; button_border_color=&#8221;#cf9450&#8243; button_border_radius=&#8221;0px&#8221; button_letter_spacing=&#8221;0px&#8221; button_font=&#8221;Roboto Condensed||||||||&#8221; button_use_icon=&#8221;off&#8221; custom_margin=&#8221;30px||||false|false&#8221; custom_padding=&#8221;10px|46px|8px|50px|false|false&#8221; box_shadow_style=&#8221;preset1&#8243; box_shadow_vertical=&#8221;31px&#8221; box_shadow_blur=&#8221;65px&#8221; box_shadow_spread=&#8221;10px&#8221; box_shadow_color=&#8221;rgba(0,0,0,0.2)&#8221; global_colors_info=&#8221;{}&#8221; button_text_color__hover_enabled=&#8221;on|hover&#8221; button_text_color__hover=&#8221;#FFFFFF&#8221; button_bg_color__hover_enabled=&#8221;on|hover&#8221; button_bg_color__hover=&#8221;#d71448&#8243; button_bg_enable_color__hover=&#8221;on&#8221; button_border_color__hover_enabled=&#8221;on|hover&#8221; button_border_color__hover=&#8221;#121722&#8243; button_letter_spacing__hover_enabled=&#8221;on|desktop&#8221; button_letter_spacing__hover=&#8221;3px&#8221;][\/et_pb_button][et_pb_text _builder_version=&#8221;4.21.0&#8243; _module_preset=&#8221;default&#8221; text_font=&#8221;Inter|300|||||||&#8221; text_text_color=&#8221;#282828&#8243; text_font_size=&#8221;16px&#8221; text_line_height=&#8221;1.8em&#8221; global_colors_info=&#8221;{}&#8221;]<\/p>\n<p>Bienvenidos a nuestra consulta de psicolog\u00eda en Oviedo, donde ofrecemos servicios especializados como <strong>psic\u00f3loga especialista en el tratamiento de problemas de relaci\u00f3n social<\/strong>. Comprendemos que las dificultades en las relaciones sociales pueden afectar significativamente la calidad de vida de las personas, y estamos aqu\u00ed para brindar apoyo y orientaci\u00f3n profesional para superar estos desaf\u00edos.<\/p>\n<p>Como <strong>psic\u00f3loga especializada en problemas de relaci\u00f3n social en Oviedo<\/strong>, mi enfoque terap\u00e9utico se centra en ayudar a los pacientes a entender y mejorar sus habilidades sociales y de comunicaci\u00f3n. Utilizo una combinaci\u00f3n de t\u00e9cnicas, incluyendo la terapia cognitivo-conductual y la terapia interpersonal, para abordar las causas subyacentes de los problemas de relaci\u00f3n y desarrollar estrategias efectivas para mejorar las interacciones sociales.<\/p>\n<p>El tratamiento de <strong>problemas de relaci\u00f3n social<\/strong> implica trabajar en aspectos como la autoestima, la empat\u00eda, la asertividad y la resoluci\u00f3n de conflictos. Mi objetivo es proporcionar a mis pacientes las herramientas necesarias para construir y mantener relaciones saludables y satisfactorias, tanto en su vida personal como profesional.<\/p>\n<p>Adem\u00e1s, como <strong>psic\u00f3loga especialista en Oviedo<\/strong>, me dedico a crear un ambiente acogedor y seguro donde los pacientes puedan sentirse c\u00f3modos para compartir sus experiencias y trabajar en su crecimiento personal. Entiendo que cada persona es \u00fanica, y por eso, personalizo mis m\u00e9todos terap\u00e9uticos para adaptarlos a las necesidades individuales de cada paciente.<\/p>\n<p>Si est\u00e1 buscando una <strong>psic\u00f3loga especialista en el tratamiento de problemas de relaci\u00f3n social en Oviedo<\/strong>, no dude en contactar con nuestra consulta. Estoy aqu\u00ed para ayudarle a navegar y mejorar sus relaciones sociales, brind\u00e1ndole el apoyo y las herramientas que necesita para una vida m\u00e1s plena y satisfactoria.<\/p>\n<p>Otros servicios: <a href=\"https:\/\/www.psicologiaoviedo.com\/tratamiento-ansiedad-estres-oviedo\/\">ansiedad y estr\u00e9s<\/a>, <a href=\"https:\/\/www.psicologiaoviedo.com\/tratamiento-depresion-oviedo\/\">depresi\u00f3n<\/a>, <a href=\"https:\/\/www.psicologiaoviedo.com\/tratamiento-proceso-duelo-oviedo\/\">procesos de duelo<\/a>, <a href=\"https:\/\/www.psicologiaoviedo.com\/tratamiento-trastorno-estres-post-traumatico-oviedo\/\">estr\u00e9s post traum\u00e1tico<\/a>, <a href=\"https:\/\/www.psicologiaoviedo.com\/tratamiento-trastornos-alimentarios-oviedo\/\">trastornos alimentarios<\/a>, <a href=\"https:\/\/www.psicologiaoviedo.com\/tratamiento-dolores-cronicos-oviedo\/\">dolores cr\u00f3nicos<\/a>, <a href=\"https:\/\/www.psicologiaoviedo.com\/psicologa-online-oviedo\/\">psicolog\u00eda online<\/a><\/p>\n<p>[\/et_pb_text][et_pb_text _builder_version=&#8221;4.21.0&#8243; _module_preset=&#8221;default&#8221; text_font=&#8221;Inter|300|||||||&#8221; text_text_color=&#8221;#282828&#8243; text_font_size=&#8221;16px&#8221; text_line_height=&#8221;1.8em&#8221; global_colors_info=&#8221;{}&#8221;][\/et_pb_text][\/et_pb_column][\/et_pb_row][\/et_pb_section][et_pb_section fb_built=&#8221;1&#8243; next_background_color=&#8221;#ffffff&#8221; _builder_version=&#8221;4.21.0&#8243; _module_preset=&#8221;default&#8221; background_color=&#8221;#f6f6f6&#8243; custom_padding=&#8221;78px||80px|||&#8221; bottom_divider_style=&#8221;arrow&#8221; bottom_divider_height=&#8221;50px&#8221; global_colors_info=&#8221;{}&#8221;][et_pb_row column_structure=&#8221;2_5,3_5&#8243; _builder_version=&#8221;4.21.0&#8243; _module_preset=&#8221;default&#8221; global_colors_info=&#8221;{}&#8221;][et_pb_column type=&#8221;2_5&#8243; _builder_version=&#8221;4.21.0&#8243; _module_preset=&#8221;default&#8221; global_colors_info=&#8221;{}&#8221;][et_pb_image src=&#8221;https:\/\/www.psicologiaoviedo.com\/wp-content\/uploads\/2023\/06\/0-1.jpg&#8221; alt=&#8221;Psic\u00f3logo de problemas de relaci\u00f3n en Oviedo&#8221; title_text=&#8221;Psic\u00f3logo de problemas de relaci\u00f3n en Oviedo&#8221; _builder_version=&#8221;4.21.0&#8243; _module_preset=&#8221;default&#8221; global_colors_info=&#8221;{}&#8221;][\/et_pb_image][et_pb_image src=&#8221;https:\/\/www.psicologiaoviedo.com\/wp-content\/uploads\/2023\/06\/0-1.jpg&#8221; alt=&#8221;Psic\u00f3logo de problemas de relaci\u00f3n en Oviedo&#8221; title_text=&#8221;Psic\u00f3logo de problemas de relaci\u00f3n en Oviedo&#8221; _builder_version=&#8221;4.21.0&#8243; _module_preset=&#8221;default&#8221; global_colors_info=&#8221;{}&#8221;][\/et_pb_image][\/et_pb_column][et_pb_column type=&#8221;3_5&#8243; _builder_version=&#8221;4.21.0&#8243; _module_preset=&#8221;default&#8221; global_colors_info=&#8221;{}&#8221;][et_pb_text _builder_version=&#8221;4.21.0&#8243; _module_preset=&#8221;default&#8221; text_font=&#8221;Inter|800|||||||&#8221; text_text_color=&#8221;#282828&#8243; text_font_size=&#8221;36px&#8221; text_line_height=&#8221;1.2em&#8221; header_2_font=&#8221;Inter|800|||||||&#8221; header_2_font_size=&#8221;36px&#8221; header_2_line_height=&#8221;1.2em&#8221; locked=&#8221;off&#8221; global_colors_info=&#8221;{}&#8221;]<\/p>\n<h2 style=\"text-align: left;\">Psic\u00f3loga de problemas de relaci\u00f3n de pareja en Oviedo<\/h2>\n<p>[\/et_pb_text][et_pb_divider color=&#8221;#d71448&#8243; divider_weight=&#8221;10px&#8221; _builder_version=&#8221;4.21.0&#8243; _module_preset=&#8221;default&#8221; width=&#8221;10%&#8221; module_alignment=&#8221;left&#8221; locked=&#8221;off&#8221; global_colors_info=&#8221;{}&#8221;][\/et_pb_divider][et_pb_text _builder_version=&#8221;4.21.0&#8243; _module_preset=&#8221;default&#8221; text_font=&#8221;Inter|300|||||||&#8221; text_text_color=&#8221;#282828&#8243; text_font_size=&#8221;16px&#8221; text_line_height=&#8221;1.8em&#8221; locked=&#8221;off&#8221; global_colors_info=&#8221;{}&#8221;]<\/p>\n<p>En nuestra cl\u00ednica en Oviedo, ofrecemos servicios especializados como <strong>psic\u00f3loga especialista en el tratamiento de problemas de relaci\u00f3n social<\/strong>. Entendemos que las dificultades en las relaciones sociales pueden ser un obst\u00e1culo significativo en la vida de muchas personas, afectando su bienestar emocional y su capacidad para interactuar efectivamente con los dem\u00e1s.<\/p>\n<p>Como <strong>psic\u00f3loga especializada en problemas de relaci\u00f3n social en Oviedo<\/strong>, mi pr\u00e1ctica se enfoca en ayudar a los pacientes a superar barreras sociales y mejorar sus habilidades de interacci\u00f3n. A trav\u00e9s de un enfoque terap\u00e9utico personalizado, trabajo para identificar y abordar las ra\u00edces de los problemas de relaci\u00f3n, ya sean ansiedades sociales, falta de confianza, dificultades de comunicaci\u00f3n o experiencias pasadas que afectan las relaciones actuales.<\/p>\n<p>El tratamiento de <strong>problemas de relaci\u00f3n social<\/strong> implica un proceso de autoconocimiento y desarrollo de habilidades sociales. Utilizo t\u00e9cnicas como la terapia cognitivo-conductual, ejercicios de role-playing y estrategias de comunicaci\u00f3n efectiva para ayudar a mis pacientes a construir relaciones m\u00e1s saludables y satisfactorias.<\/p>\n<p>Adem\u00e1s, como <strong>psic\u00f3loga especialista en Oviedo<\/strong>, me comprometo a proporcionar un entorno terap\u00e9utico de apoyo y confianza. Mi objetivo es que cada paciente se sienta escuchado y comprendido, y que juntos podamos trabajar hacia el logro de sus objetivos personales y sociales.<\/p>\n<p>Si est\u00e1 buscando una <strong>psic\u00f3loga especialista en el tratamiento de problemas de relaci\u00f3n social en Oviedo<\/strong>, nuestra cl\u00ednica est\u00e1 aqu\u00ed para ayudarle. Ofrecemos un enfoque comprensivo y adaptado a sus necesidades individuales para ayudarle a mejorar sus relaciones sociales y su calidad de vida.<\/p>\n<p>[\/et_pb_text][\/et_pb_column][\/et_pb_row][\/et_pb_section][et_pb_section fb_built=&#8221;1&#8243; _builder_version=&#8221;4.21.0&#8243; _module_preset=&#8221;default&#8221; background_enable_image=&#8221;off&#8221; background_size=&#8221;initial&#8221; background_repeat=&#8221;repeat&#8221; custom_padding=&#8221;70px||80px|||&#8221; bottom_divider_height=&#8221;50px&#8221; locked=&#8221;off&#8221; global_colors_info=&#8221;{}&#8221;][et_pb_row column_structure=&#8221;1_4,3_4&#8243; use_custom_gutter=&#8221;on&#8221; make_equal=&#8221;on&#8221; _builder_version=&#8221;4.21.0&#8243; _module_preset=&#8221;default&#8221; width=&#8221;65%&#8221; global_colors_info=&#8221;{}&#8221;][et_pb_column type=&#8221;1_4&#8243; _builder_version=&#8221;4.21.0&#8243; _module_preset=&#8221;default&#8221; global_colors_info=&#8221;{}&#8221;][et_pb_image src=&#8221;https:\/\/www.psicologiaoviedo.com\/wp-content\/uploads\/2023\/07\/Proyecto-nuevo-2023-07-12T180621.779.png&#8221; title_text=&#8221;Proyecto nuevo &#8211; 2023-07-12T180621.779&#8243; align=&#8221;center&#8221; _builder_version=&#8221;4.21.0&#8243; _module_preset=&#8221;default&#8221; width=&#8221;35%&#8221; custom_margin=&#8221;5px||||false|false&#8221; global_colors_info=&#8221;{}&#8221;][\/et_pb_image][\/et_pb_column][et_pb_column type=&#8221;3_4&#8243; _builder_version=&#8221;4.21.0&#8243; _module_preset=&#8221;default&#8221; global_colors_info=&#8221;{}&#8221;][et_pb_text _builder_version=&#8221;4.21.0&#8243; _module_preset=&#8221;default&#8221; text_font=&#8221;Inter|800|||||||&#8221; text_text_color=&#8221;#282828&#8243; text_font_size=&#8221;42px&#8221; text_line_height=&#8221;1.2em&#8221; custom_margin=&#8221;||50px||false|false&#8221; global_colors_info=&#8221;{}&#8221;]<\/p>\n<p style=\"text-align: left;\">Preguntas <strong class=\"acento\">frecuentes<\/strong><\/p>\n<p>[\/et_pb_text][et_pb_accordion icon_color=&#8221;#a30f37&#8243; use_icon_font_size=&#8221;on&#8221; icon_font_size=&#8221;22px&#8221; _builder_version=&#8221;4.21.0&#8243; _module_preset=&#8221;default&#8221; custom_margin=&#8221;0px||||false|false&#8221; global_colors_info=&#8221;{}&#8221;][et_pb_accordion_item title=&#8221;\u00bfOfrece terapia en l\u00ednea?&#8221; open=&#8221;on&#8221; _builder_version=&#8221;4.21.0&#8243; _module_preset=&#8221;default&#8221; body_font=&#8221;Inter|300|||||||&#8221; body_text_color=&#8221;#000000&#8243; body_font_size=&#8221;16px&#8221; body_line_height=&#8221;1.8em&#8221; global_colors_info=&#8221;{}&#8221; toggle_level=&#8221;h3&#8243; toggle_font=&#8221;Inter|700|||||||&#8221;]<\/p>\n<p>S\u00ed, se ofrece terapia online por videoconferencia para aquellos clientes que no puedan asistir a la cl\u00ednica de Oviedo siempre y cuando sea una opci\u00f3n apropiada para tratar en esa modalidad.<\/p>\n<p>[\/et_pb_accordion_item][et_pb_accordion_item title=&#8221;\u00bfCu\u00e1nto tiempo tarda en verse mejor\u00eda en problemas de relaci\u00f3n social o de pareja?&#8221; _builder_version=&#8221;4.21.0&#8243; _module_preset=&#8221;default&#8221; body_font=&#8221;Inter|300|||||||&#8221; body_text_color=&#8221;#000000&#8243; body_font_size=&#8221;16px&#8221; body_line_height=&#8221;1.8em&#8221; global_colors_info=&#8221;{}&#8221; toggle_level=&#8221;h3&#8243; toggle_font=&#8221;Inter|700|||||||&#8221; open=&#8221;off&#8221;]<\/p>\n<p>El tiempo necesario para experimentar una mejor\u00eda var\u00eda seg\u00fan la situaci\u00f3n y las metas de cada persona. Sin embargo, en general, los pacientes suelen experimentar cambios positivos en sus relaciones a lo largo del proceso terap\u00e9utico.<\/p>\n<p>[\/et_pb_accordion_item][\/et_pb_accordion][\/et_pb_column][\/et_pb_row][\/et_pb_section]<\/p>\n","protected":false},"excerpt":{"rendered":"<p>Psic\u00f3loga especialista en el tratamiento de problemas de relaci\u00f3n social en OviedoBienvenidos a nuestra consulta de psicolog\u00eda en Oviedo, donde ofrecemos servicios especializados como psic\u00f3loga especialista en el tratamiento de problemas de relaci\u00f3n social. Comprendemos que las dificultades en las relaciones sociales pueden afectar significativamente la calidad de vida de las personas, y estamos aqu\u00ed [&hellip;]<\/p>\n","protected":false},"author":11,"featured_media":0,"parent":0,"menu_order":0,"comment_status":"closed","ping_status":"closed","template":"","meta":{"_et_pb_use_builder":"on","_et_pb_old_content":"","_et_gb_content_width":"","footnotes":""},"class_list":["post-258894","page","type-page","status-publish","hentry"],"_links":{"self":[{"href":"https:\/\/www.psicologiaoviedo.com\/index.php?rest_route=\/wp\/v2\/pages\/258894","targetHints":{"allow":["GET"]}}],"collection":[{"href":"https:\/\/www.psicologiaoviedo.com\/index.php?rest_route=\/wp\/v2\/pages"}],"about":[{"href":"https:\/\/www.psicologiaoviedo.com\/index.php?rest_route=\/wp\/v2\/types\/page"}],"author":[{"embeddable":true,"href":"https:\/\/www.psicologiaoviedo.com\/index.php?rest_route=\/wp\/v2\/users\/11"}],"replies":[{"embeddable":true,"href":"https:\/\/www.psicologiaoviedo.com\/index.php?rest_route=%2Fwp%2Fv2%2Fcomments&post=258894"}],"version-history":[{"count":8,"href":"https:\/\/www.psicologiaoviedo.com\/index.php?rest_route=\/wp\/v2\/pages\/258894\/revisions"}],"predecessor-version":[{"id":259120,"href":"https:\/\/www.psicologiaoviedo.com\/index.php?rest_route=\/wp\/v2\/pages\/258894\/revisions\/259120"}],"wp:attachment":[{"href":"https:\/\/www.psicologiaoviedo.com\/index.php?rest_route=%2Fwp%2Fv2%2Fmedia&parent=258894"}],"curies":[{"name":"wp","href":"https:\/\/api.w.org\/{rel}","templated":true}]}}