{"id":258885,"date":"2023-07-25T08:01:47","date_gmt":"2023-07-25T08:01:47","guid":{"rendered":"https:\/\/www.psicologiaoviedo.com\/?page_id=258885"},"modified":"2024-03-21T16:48:19","modified_gmt":"2024-03-21T16:48:19","slug":"tratamiento-ansiedad-estres-oviedo","status":"publish","type":"page","link":"https:\/\/www.psicologiaoviedo.com\/?page_id=258885","title":{"rendered":"Problemas de ansiedad y estr\u00e9s"},"content":{"rendered":"<p>[et_pb_section fb_built=&#8221;1&#8243; next_background_color=&#8221;#f6f6f6&#8243; _builder_version=&#8221;4.21.0&#8243; _module_preset=&#8221;default&#8221; background_color=&#8221;#FFFFFF&#8221; custom_padding=&#8221;34px||80px|||&#8221; top_divider_color=&#8221;#FFFFFF&#8221; top_divider_height=&#8221;50px&#8221; top_divider_flip=&#8221;horizontal&#8221; bottom_divider_style=&#8221;arrow&#8221; bottom_divider_height=&#8221;50px&#8221; global_colors_info=&#8221;{}&#8221;][et_pb_row use_custom_gutter=&#8221;on&#8221; _builder_version=&#8221;4.21.0&#8243; _module_preset=&#8221;default&#8221; width=&#8221;65%&#8221; global_colors_info=&#8221;{}&#8221;][et_pb_column type=&#8221;4_4&#8243; _builder_version=&#8221;4.21.0&#8243; _module_preset=&#8221;default&#8221; global_colors_info=&#8221;{}&#8221;][et_pb_divider color=&#8221;#d71448&#8243; divider_weight=&#8221;10px&#8221; _builder_version=&#8221;4.21.0&#8243; _module_preset=&#8221;default&#8221; width=&#8221;10%&#8221; module_alignment=&#8221;center&#8221; global_colors_info=&#8221;{}&#8221;][\/et_pb_divider][et_pb_text _builder_version=&#8221;4.21.0&#8243; _module_preset=&#8221;default&#8221; text_font=&#8221;Roboto Condensed|800|||||||&#8221; text_text_color=&#8221;#282828&#8243; text_font_size=&#8221;39px&#8221; text_line_height=&#8221;1.2em&#8221; header_font=&#8221;Inter|800|||||||&#8221; header_text_align=&#8221;center&#8221; header_font_size=&#8221;40px&#8221; width=&#8221;100%&#8221; module_alignment=&#8221;center&#8221; global_colors_info=&#8221;{}&#8221;]<\/p>\n<h1>Psic\u00f3loga especialista en el tratamiento de problemas de ansiedad y estr\u00e9s en Oviedo<\/h1>\n<p>[\/et_pb_text][et_pb_button button_url=&#8221;https:\/\/www.psicologiaoviedo.com\/contacto\/&#8221; button_text=&#8221;CONTACTAR&#8221; button_alignment=&#8221;center&#8221; _builder_version=&#8221;4.21.0&#8243; _module_preset=&#8221;default&#8221; custom_button=&#8221;on&#8221; button_text_size=&#8221;15px&#8221; button_text_color=&#8221;#FFFFFF&#8221; button_bg_color=&#8221;#a30f37&#8243; button_border_width=&#8221;0px&#8221; button_border_color=&#8221;#cf9450&#8243; button_border_radius=&#8221;0px&#8221; button_letter_spacing=&#8221;0px&#8221; button_font=&#8221;Roboto Condensed||||||||&#8221; button_use_icon=&#8221;off&#8221; custom_margin=&#8221;30px||||false|false&#8221; custom_padding=&#8221;10px|46px|8px|50px|false|false&#8221; box_shadow_style=&#8221;preset1&#8243; box_shadow_vertical=&#8221;31px&#8221; box_shadow_blur=&#8221;65px&#8221; box_shadow_spread=&#8221;10px&#8221; box_shadow_color=&#8221;rgba(0,0,0,0.2)&#8221; global_colors_info=&#8221;{}&#8221; button_text_color__hover_enabled=&#8221;on|hover&#8221; button_text_color__hover=&#8221;#FFFFFF&#8221; button_bg_color__hover_enabled=&#8221;on|hover&#8221; button_bg_color__hover=&#8221;#d71448&#8243; button_bg_enable_color__hover=&#8221;on&#8221; button_border_color__hover_enabled=&#8221;on|hover&#8221; button_border_color__hover=&#8221;#121722&#8243; button_letter_spacing__hover_enabled=&#8221;on|desktop&#8221; button_letter_spacing__hover=&#8221;3px&#8221;][\/et_pb_button][et_pb_text _builder_version=&#8221;4.21.0&#8243; _module_preset=&#8221;default&#8221; text_font=&#8221;Inter|300|||||||&#8221; text_text_color=&#8221;#282828&#8243; text_font_size=&#8221;16px&#8221; text_line_height=&#8221;1.8em&#8221; global_colors_info=&#8221;{}&#8221;]<\/p>\n<p>Bienvenidos a nuestra consulta de psicolog\u00eda en Oviedo, donde encontrar\u00e1n una <strong>psic\u00f3loga especialista en el tratamiento de problemas de ansiedad y estr\u00e9s<\/strong>. Entendemos que la ansiedad y el estr\u00e9s pueden afectar profundamente la calidad de vida, y por eso, ofrecemos un enfoque terap\u00e9utico personalizado y emp\u00e1tico para ayudar a nuestros pacientes a superar estos desaf\u00edos.<\/p>\n<p>Como <strong>psic\u00f3loga especialista en ansiedad y estr\u00e9s en Oviedo<\/strong>, mi objetivo es proporcionar un espacio seguro y de apoyo donde los pacientes puedan explorar sus emociones y aprender estrategias efectivas para manejar su ansiedad y estr\u00e9s. Utilizo una combinaci\u00f3n de t\u00e9cnicas terap\u00e9uticas, incluyendo la terapia cognitivo-conductual, mindfulness y t\u00e9cnicas de relajaci\u00f3n, adaptadas a las necesidades individuales de cada paciente.<\/p>\n<p>Mi enfoque en el tratamiento de <strong>problemas de ansiedad y estr\u00e9s<\/strong> se centra en entender las causas subyacentes de estos trastornos y trabajar en conjunto con los pacientes para desarrollar habilidades que les permitan enfrentar sus desaf\u00edos de manera m\u00e1s efectiva. Creo firmemente en un enfoque hol\u00edstico, considerando todos los aspectos de la vida del paciente, incluyendo su salud f\u00edsica, relaciones personales y entorno laboral.<\/p>\n<p>Adem\u00e1s, como <strong>psic\u00f3loga especializada en Oviedo<\/strong>, me comprometo a mantenerme actualizada en los \u00faltimos avances en psicolog\u00eda cl\u00ednica para ofrecer las mejores pr\u00e1cticas y tratamientos disponibles. Mi objetivo es ayudar a mis pacientes a lograr un bienestar duradero y una mayor resiliencia frente a las situaciones estresantes de la vida.<\/p>\n<p>Si est\u00e1 buscando una <strong>psic\u00f3loga especialista en el tratamiento de problemas de ansiedad y estr\u00e9s en Oviedo<\/strong>, no dude en contactar con nuestra consulta. Estoy aqu\u00ed para ayudarle a encontrar el camino hacia una vida m\u00e1s tranquila y satisfactoria.<\/p>\n<p>Otros servicios:\u00a0<a href=\"https:\/\/www.psicologiaoviedo.com\/tratamiento-depresion-oviedo\/\">depresi\u00f3n<\/a>, <a href=\"https:\/\/www.psicologiaoviedo.com\/tratamiento-problemas-relacion-social-oviedo\/\">problemas de relaci\u00f3n social<\/a>, <a href=\"https:\/\/www.psicologiaoviedo.com\/tratamiento-proceso-duelo-oviedo\/\">procesos de duelo<\/a>, <a href=\"https:\/\/www.psicologiaoviedo.com\/tratamiento-trastorno-estres-post-traumatico-oviedo\/\">estr\u00e9s post traum\u00e1tico<\/a>, <a href=\"https:\/\/www.psicologiaoviedo.com\/tratamiento-trastornos-alimentarios-oviedo\/\">trastornos alimentarios<\/a>, <a href=\"https:\/\/www.psicologiaoviedo.com\/tratamiento-dolores-cronicos-oviedo\/\">dolores cr\u00f3nicos<\/a>, <a href=\"https:\/\/www.psicologiaoviedo.com\/psicologa-online-oviedo\/\">psicolog\u00eda online<\/a><\/p>\n<p>[\/et_pb_text][\/et_pb_column][\/et_pb_row][\/et_pb_section][et_pb_section fb_built=&#8221;1&#8243; next_background_color=&#8221;#ffffff&#8221; _builder_version=&#8221;4.21.0&#8243; _module_preset=&#8221;default&#8221; background_color=&#8221;#f6f6f6&#8243; custom_padding=&#8221;78px||80px|||&#8221; bottom_divider_style=&#8221;arrow&#8221; bottom_divider_height=&#8221;50px&#8221; global_colors_info=&#8221;{}&#8221;][et_pb_row column_structure=&#8221;2_5,3_5&#8243; _builder_version=&#8221;4.21.0&#8243; _module_preset=&#8221;default&#8221; global_colors_info=&#8221;{}&#8221;][et_pb_column type=&#8221;2_5&#8243; _builder_version=&#8221;4.21.0&#8243; _module_preset=&#8221;default&#8221; global_colors_info=&#8221;{}&#8221;][et_pb_image src=&#8221;https:\/\/www.psicologiaoviedo.com\/wp-content\/uploads\/2023\/06\/0-1.jpg&#8221; alt=&#8221;Psic\u00f3logo de problemas de relaci\u00f3n en Oviedo&#8221; title_text=&#8221;Psic\u00f3logo de problemas de relaci\u00f3n en Oviedo&#8221; _builder_version=&#8221;4.21.0&#8243; _module_preset=&#8221;default&#8221; global_colors_info=&#8221;{}&#8221;][\/et_pb_image][et_pb_image src=&#8221;https:\/\/www.psicologiaoviedo.com\/wp-content\/uploads\/2023\/06\/0-1.jpg&#8221; alt=&#8221;Psic\u00f3logo de problemas de relaci\u00f3n en Oviedo&#8221; title_text=&#8221;Psic\u00f3logo de problemas de relaci\u00f3n en Oviedo&#8221; _builder_version=&#8221;4.21.0&#8243; _module_preset=&#8221;default&#8221; global_colors_info=&#8221;{}&#8221;][\/et_pb_image][\/et_pb_column][et_pb_column type=&#8221;3_5&#8243; _builder_version=&#8221;4.21.0&#8243; _module_preset=&#8221;default&#8221; global_colors_info=&#8221;{}&#8221;][et_pb_text _builder_version=&#8221;4.21.0&#8243; _module_preset=&#8221;default&#8221; text_font=&#8221;Inter|800|||||||&#8221; text_text_color=&#8221;#282828&#8243; text_font_size=&#8221;36px&#8221; text_line_height=&#8221;1.2em&#8221; header_2_font=&#8221;Inter|800|||||||&#8221; header_2_font_size=&#8221;36px&#8221; header_2_line_height=&#8221;1.2em&#8221; locked=&#8221;off&#8221; global_colors_info=&#8221;{}&#8221;]<\/p>\n<h2 style=\"text-align: left;\">Psic\u00f3loga especialista en el tratamiento de problemas de estr\u00e9s en Oviedo<\/h2>\n<p>[\/et_pb_text][et_pb_divider color=&#8221;#d71448&#8243; divider_weight=&#8221;10px&#8221; _builder_version=&#8221;4.21.0&#8243; _module_preset=&#8221;default&#8221; width=&#8221;10%&#8221; module_alignment=&#8221;left&#8221; hover_enabled=&#8221;0&#8243; locked=&#8221;off&#8221; global_colors_info=&#8221;{}&#8221; sticky_enabled=&#8221;0&#8243;][\/et_pb_divider][et_pb_text _builder_version=&#8221;4.21.0&#8243; _module_preset=&#8221;default&#8221; text_font=&#8221;Inter|300|||||||&#8221; text_text_color=&#8221;#282828&#8243; text_font_size=&#8221;16px&#8221; text_line_height=&#8221;1.8em&#8221; locked=&#8221;off&#8221; global_colors_info=&#8221;{}&#8221;]<\/p>\n<p style=\"text-align: justify;\">El <strong>estr\u00e9s<\/strong> es una reacci\u00f3n normal a las presiones cotidianas, pero puede volverse poco saludable cuando altera su funcionamiento diario.\u00a0Implica cambios que afectan a casi todos los sistemas del cuerpo, lo que influye en c\u00f3mo se sienten y se comportan las personas.<\/p>\n<p>[\/et_pb_text][et_pb_text _builder_version=&#8221;4.21.0&#8243; _module_preset=&#8221;default&#8221; text_font=&#8221;Inter|300|||||||&#8221; text_text_color=&#8221;#282828&#8243; text_font_size=&#8221;16px&#8221; text_line_height=&#8221;1.8em&#8221; locked=&#8221;off&#8221; global_colors_info=&#8221;{}&#8221;]<\/p>\n<p style=\"text-align: justify;\">El<strong> estr\u00e9s<\/strong> contribuye a causar cambios en la mente y el cuerpo,\u00a0y por lo tanto, a causar trastornos psicol\u00f3gicos y fisiol\u00f3gicos, que afectan a la salud mental y f\u00edsica de la persona, reduciendo su calidad de vida.<\/p>\n<p>[\/et_pb_text][et_pb_text _builder_version=&#8221;4.21.0&#8243; _module_preset=&#8221;default&#8221; text_font=&#8221;Inter|300|||||||&#8221; text_text_color=&#8221;#282828&#8243; text_font_size=&#8221;16px&#8221; text_line_height=&#8221;1.8em&#8221; locked=&#8221;off&#8221; global_colors_info=&#8221;{}&#8221;]<\/p>\n<p style=\"text-align: justify;\">Existe una <strong>peque\u00f1a diferencia entre el estr\u00e9s y la ansiedad<\/strong>.\u00a0Ambas son respuestas emocionales, pero el estr\u00e9s generalmente est\u00e1 causado por un desencadenante externo.\u00a0El desencadenante puede ser a corto plazo, como una fecha l\u00edmite de trabajo o una pelea con un ser querido, o a largo plazo, como la incapacidad para trabajar, la discriminaci\u00f3n o una enfermedad cr\u00f3nica.\u00a0Las personas bajo estr\u00e9s experimentan s\u00edntomas mentales y f\u00edsicos, como irritabilidad, ira, fatiga, dolor muscular, problemas digestivos y dificultad para dormir.<\/p>\n<p>[\/et_pb_text][et_pb_text _builder_version=&#8221;4.21.0&#8243; _module_preset=&#8221;default&#8221; text_font=&#8221;Inter|300|||||||&#8221; text_text_color=&#8221;#282828&#8243; text_font_size=&#8221;16px&#8221; text_line_height=&#8221;1.8em&#8221; locked=&#8221;off&#8221; global_colors_info=&#8221;{}&#8221;]<\/p>\n<p style=\"text-align: justify;\">La<strong> ansiedad,<\/strong> por otro lado, se define como preocupaciones persistentes y excesivas que no desaparecen incluso en ausencia de un factor estresante.\u00a0La ansiedad conduce a un conjunto de s\u00edntomas casi id\u00e9nticos a los del estr\u00e9s: insomnio, dificultad para concentrarse, fatiga, tensi\u00f3n muscular e irritabilidad.<\/p>\n<p>[\/et_pb_text][\/et_pb_column][\/et_pb_row][et_pb_row _builder_version=&#8221;4.21.0&#8243; _module_preset=&#8221;default&#8221; global_colors_info=&#8221;{}&#8221;][et_pb_column type=&#8221;4_4&#8243; _builder_version=&#8221;4.21.0&#8243; _module_preset=&#8221;default&#8221; global_colors_info=&#8221;{}&#8221;][et_pb_text _builder_version=&#8221;4.21.0&#8243; _module_preset=&#8221;default&#8221; text_font=&#8221;Inter|300|||||||&#8221; text_text_color=&#8221;#282828&#8243; text_font_size=&#8221;16px&#8221; text_line_height=&#8221;1.8em&#8221; global_colors_info=&#8221;{}&#8221;]<\/p>\n<p>En nuestra cl\u00ednica en Oviedo, contamos con una <strong>psic\u00f3loga especialista en el tratamiento de problemas de ansiedad y estr\u00e9s<\/strong>, dedicada a ofrecer terapias efectivas y personalizadas para quienes enfrentan estos retos en su vida diaria. Nuestra enfoque es proporcionar un entorno acogedor y profesional donde los pacientes puedan sentirse escuchados y comprendidos, mientras trabajamos juntos hacia su bienestar emocional.<\/p>\n<p>Como <strong>psic\u00f3loga especializada en ansiedad y estr\u00e9s en Oviedo<\/strong>, aplico una variedad de enfoques terap\u00e9uticos para abordar las necesidades espec\u00edficas de cada paciente. Esto incluye t\u00e9cnicas de terapia cognitivo-conductual, terapia de aceptaci\u00f3n y compromiso, y estrategias de manejo del estr\u00e9s, todas ellas orientadas a ayudar a los pacientes a entender y gestionar sus emociones de manera m\u00e1s saludable.<\/p>\n<p>El tratamiento de <strong>problemas de ansiedad y estr\u00e9s<\/strong> requiere un enfoque comprensivo y adaptado a cada individuo. Mi objetivo es ayudar a los pacientes a identificar los factores desencadenantes de su ansiedad, desarrollar habilidades de afrontamiento efectivas y fomentar cambios positivos en su estilo de vida que contribuyan a una mayor tranquilidad y equilibrio emocional.<\/p>\n<p>Adem\u00e1s, como <strong>psic\u00f3loga especialista en Oviedo<\/strong>, me comprometo a crear un espacio terap\u00e9utico seguro y confidencial, donde los pacientes puedan explorar sus preocupaciones sin temor a ser juzgados. La empat\u00eda, el respeto y la profesionalidad son los pilares de mi pr\u00e1ctica cl\u00ednica, y me esfuerzo por ofrecer la mejor atenci\u00f3n posible a cada uno de mis pacientes.<\/p>\n<p>Si est\u00e1 buscando apoyo profesional para enfrentar la ansiedad y el estr\u00e9s, nuestra <strong>psic\u00f3loga especialista en Oviedo<\/strong> est\u00e1 aqu\u00ed para ayudarle. Cont\u00e1ctenos para programar una cita y comience su camino hacia una mejor salud emocional y mental.<\/p>\n<p>[\/et_pb_text][\/et_pb_column][\/et_pb_row][\/et_pb_section][et_pb_section fb_built=&#8221;1&#8243; _builder_version=&#8221;4.21.0&#8243; _module_preset=&#8221;default&#8221; background_enable_image=&#8221;off&#8221; background_size=&#8221;initial&#8221; background_repeat=&#8221;repeat&#8221; custom_padding=&#8221;70px||80px|||&#8221; bottom_divider_height=&#8221;50px&#8221; locked=&#8221;off&#8221; global_colors_info=&#8221;{}&#8221;][et_pb_row column_structure=&#8221;1_4,3_4&#8243; use_custom_gutter=&#8221;on&#8221; make_equal=&#8221;on&#8221; _builder_version=&#8221;4.21.0&#8243; _module_preset=&#8221;default&#8221; width=&#8221;65%&#8221; global_colors_info=&#8221;{}&#8221;][et_pb_column type=&#8221;1_4&#8243; _builder_version=&#8221;4.21.0&#8243; _module_preset=&#8221;default&#8221; global_colors_info=&#8221;{}&#8221;][et_pb_image src=&#8221;https:\/\/www.psicologiaoviedo.com\/wp-content\/uploads\/2023\/07\/Proyecto-nuevo-2023-07-12T180621.779.png&#8221; title_text=&#8221;Proyecto nuevo &#8211; 2023-07-12T180621.779&#8243; align=&#8221;center&#8221; _builder_version=&#8221;4.21.0&#8243; _module_preset=&#8221;default&#8221; width=&#8221;35%&#8221; custom_margin=&#8221;5px||||false|false&#8221; global_colors_info=&#8221;{}&#8221;][\/et_pb_image][\/et_pb_column][et_pb_column type=&#8221;3_4&#8243; _builder_version=&#8221;4.21.0&#8243; _module_preset=&#8221;default&#8221; global_colors_info=&#8221;{}&#8221;][et_pb_text _builder_version=&#8221;4.21.0&#8243; _module_preset=&#8221;default&#8221; text_font=&#8221;Inter|800|||||||&#8221; text_text_color=&#8221;#282828&#8243; text_font_size=&#8221;42px&#8221; text_line_height=&#8221;1.2em&#8221; custom_margin=&#8221;||50px||false|false&#8221; global_colors_info=&#8221;{}&#8221;]<\/p>\n<p style=\"text-align: left;\">Preguntas <strong class=\"acento\">frecuentes<\/strong><\/p>\n<p>[\/et_pb_text][et_pb_accordion icon_color=&#8221;#a30f37&#8243; use_icon_font_size=&#8221;on&#8221; icon_font_size=&#8221;22px&#8221; _builder_version=&#8221;4.21.0&#8243; _module_preset=&#8221;default&#8221; custom_margin=&#8221;0px||||false|false&#8221; global_colors_info=&#8221;{}&#8221;][et_pb_accordion_item title=&#8221;\u00bfOfrece terapia en l\u00ednea?&#8221; open=&#8221;on&#8221; _builder_version=&#8221;4.21.0&#8243; _module_preset=&#8221;default&#8221; body_font=&#8221;Inter|300|||||||&#8221; body_text_color=&#8221;#000000&#8243; body_font_size=&#8221;16px&#8221; body_line_height=&#8221;1.8em&#8221; global_colors_info=&#8221;{}&#8221; toggle_level=&#8221;h3&#8243; toggle_font=&#8221;Inter|700|||||||&#8221;]<\/p>\n<p>S\u00ed, esta cl\u00ednica ofrece terapia online por videoconferencia para aquellos clientes que no puedan asistir a la cl\u00ednica de Oviedo siempre y cuando sea una opci\u00f3n apropiada para utilizar en esa modalidad de tratamiento.<\/p>\n<p>[\/et_pb_accordion_item][et_pb_accordion_item title=&#8221;\u00bfCu\u00e1nto tiempo es necesario para experimentar mejor\u00eda en el tratamiento de un problema de ansiedad o estr\u00e9s?&#8221; _builder_version=&#8221;4.21.0&#8243; _module_preset=&#8221;default&#8221; body_font=&#8221;Inter|300|||||||&#8221; body_text_color=&#8221;#000000&#8243; body_font_size=&#8221;16px&#8221; body_line_height=&#8221;1.8em&#8221; global_colors_info=&#8221;{}&#8221; toggle_level=&#8221;h3&#8243; toggle_font=&#8221;Inter|700|||||||&#8221; open=&#8221;off&#8221;]<\/p>\n<p>El tiempo necesario para experimentar una mejor\u00eda var\u00eda seg\u00fan la situaci\u00f3n y las metas de cada persona. Sin embargo, en general, los pacientes suelen experimentar cambios positivos en la gesti\u00f3n de la ansiedad y el estr\u00e9s a lo largo del proceso terap\u00e9utico.<\/p>\n<p>[\/et_pb_accordion_item][\/et_pb_accordion][\/et_pb_column][\/et_pb_row][\/et_pb_section]<\/p>\n","protected":false},"excerpt":{"rendered":"<p>Psic\u00f3loga especialista en el tratamiento de problemas de ansiedad y estr\u00e9s en OviedoBienvenidos a nuestra consulta de psicolog\u00eda en Oviedo, donde encontrar\u00e1n una psic\u00f3loga especialista en el tratamiento de problemas de ansiedad y estr\u00e9s. Entendemos que la ansiedad y el estr\u00e9s pueden afectar profundamente la calidad de vida, y por eso, ofrecemos un enfoque terap\u00e9utico [&hellip;]<\/p>\n","protected":false},"author":11,"featured_media":0,"parent":0,"menu_order":0,"comment_status":"closed","ping_status":"closed","template":"","meta":{"_et_pb_use_builder":"on","_et_pb_old_content":"","_et_gb_content_width":"","footnotes":""},"class_list":["post-258885","page","type-page","status-publish","hentry"],"_links":{"self":[{"href":"https:\/\/www.psicologiaoviedo.com\/index.php?rest_route=\/wp\/v2\/pages\/258885","targetHints":{"allow":["GET"]}}],"collection":[{"href":"https:\/\/www.psicologiaoviedo.com\/index.php?rest_route=\/wp\/v2\/pages"}],"about":[{"href":"https:\/\/www.psicologiaoviedo.com\/index.php?rest_route=\/wp\/v2\/types\/page"}],"author":[{"embeddable":true,"href":"https:\/\/www.psicologiaoviedo.com\/index.php?rest_route=\/wp\/v2\/users\/11"}],"replies":[{"embeddable":true,"href":"https:\/\/www.psicologiaoviedo.com\/index.php?rest_route=%2Fwp%2Fv2%2Fcomments&post=258885"}],"version-history":[{"count":8,"href":"https:\/\/www.psicologiaoviedo.com\/index.php?rest_route=\/wp\/v2\/pages\/258885\/revisions"}],"predecessor-version":[{"id":259117,"href":"https:\/\/www.psicologiaoviedo.com\/index.php?rest_route=\/wp\/v2\/pages\/258885\/revisions\/259117"}],"wp:attachment":[{"href":"https:\/\/www.psicologiaoviedo.com\/index.php?rest_route=%2Fwp%2Fv2%2Fmedia&parent=258885"}],"curies":[{"name":"wp","href":"https:\/\/api.w.org\/{rel}","templated":true}]}}